{"id":533,"date":"2024-01-17T21:20:09","date_gmt":"2024-01-17T19:20:09","guid":{"rendered":"https:\/\/demo.artureanec.com\/themes\/neuros-dark\/?page_id=533"},"modified":"2025-05-29T13:38:17","modified_gmt":"2025-05-29T13:38:17","slug":"news","status":"publish","type":"page","link":"https:\/\/verifyfaces.com\/es\/news\/","title":{"rendered":"Noticias"},"content":{"rendered":"<div data-elementor-type=\"wp-page\" data-elementor-id=\"533\" class=\"elementor elementor-533\" data-elementor-post-type=\"page\">\n\t\t\t\t\t\t<section class=\"elementor-section elementor-top-section elementor-element elementor-element-5d02c5f elementor-section-boxed elementor-section-height-default elementor-section-height-default\" data-id=\"5d02c5f\" data-element_type=\"section\" data-e-type=\"section\">\n\t\t\t\t\t\t<div class=\"elementor-container elementor-column-gap-default\">\n\t\t\t\t\t<div class=\"elementor-column elementor-col-100 elementor-top-column elementor-element elementor-element-20157d0\" data-id=\"20157d0\" data-element_type=\"column\" data-e-type=\"column\">\n\t\t\t<div class=\"elementor-widget-wrap elementor-element-populated\">\n\t\t\t\t\t\t<div class=\"elementor-element elementor-element-40538fd listing-pagination-border-style-gradient listing-pagination-background-style-solid elementor-widget elementor-widget-neuros_blog_listing\" data-id=\"40538fd\" data-element_type=\"widget\" data-e-type=\"widget\" data-widget_type=\"neuros_blog_listing.default\">\n\t\t\t\t<div class=\"elementor-widget-container\">\n\t\t\t\t\t\n        <div class=\"archive-listing\" data-ajax='{&quot;post_type&quot;:&quot;post&quot;,&quot;post_status&quot;:&quot;publish&quot;,&quot;posts_per_page&quot;:4,&quot;offset&quot;:false,&quot;orderby&quot;:&quot;date&quot;,&quot;order&quot;:&quot;desc&quot;,&quot;paged&quot;:1,&quot;category_name&quot;:&quot;&quot;,&quot;tag&quot;:&quot;&quot;,&quot;post__in&quot;:&quot;&quot;,&quot;ignore_sticky_posts&quot;:false,&quot;link_base&quot;:&quot;https:\\\/\\\/verifyfaces.com\\\/es\\\/wp-json\\\/wp\\\/v2\\\/pages\\\/533&quot;}' data-widget='{&quot;listing_type&quot;:&quot;classic&quot;,&quot;excerpt_length&quot;:312,&quot;show_cat&quot;:&quot;yes&quot;,&quot;show_media&quot;:&quot;yes&quot;,&quot;show_author&quot;:&quot;&quot;,&quot;show_date&quot;:&quot;yes&quot;,&quot;show_title&quot;:&quot;yes&quot;,&quot;show_tags&quot;:&quot;no&quot;,&quot;show_excerpt&quot;:&quot;yes&quot;,&quot;show_read_more&quot;:&quot;&quot;,&quot;read_more_text&quot;:&quot;Read More&quot;,&quot;columns_number&quot;:1,&quot;show_pagination&quot;:&quot;yes&quot;,&quot;item_class&quot;:&quot;post standard-blog-item-wrapper&quot;}'>\n            <div class=\"archive-listing-wrapper classic-listing\">\n                \n<div class=\"standard-blog-item-wrapper post post-23989 type-post status-publish format-standard has-post-thumbnail hentry category-news tag-press-release\">\n    <div class=\"blog-item\">\n        <div class=\"post-media-wrapper\"><a href=\"https:\/\/verifyfaces.com\/es\/verifyfaces-selects-actuate-as-their-ai-partner-to-deliver-facial-matching-solution-that-reduces-false-alarms-and-enhances-detection-in-professional-video-monitoring\/\"><picture><source media=\"(max-width: 575px)\" sizes=\"(max-width: 575px) 575px\" srcset=\"https:\/\/verifyfaces.com\/wp-content\/uploads\/2025\/05\/actuate-575x274.jpg 575w\"><source media=\"(max-width: 991px)\" sizes=\"(max-width: 991px) 991px\" srcset=\"https:\/\/verifyfaces.com\/wp-content\/uploads\/2025\/05\/actuate-991x472.jpg 991w\"><img decoding=\"async\" alt=\"actuate\" title=\"accionar\" src=\"https:\/\/verifyfaces.com\/wp-content\/uploads\/2025\/05\/actuate-1340x638.jpg\" class=\"attachment-post-thumbnail size-post-thumbnail wp-post-image\" \/><\/picture><\/a><\/div><div class=\"post-meta-header\"><div class=\"post-meta-items-wrapper\"><div class=\"post-meta-items\"><div class=\"post-meta-item post-meta-item-date\"><a href=\"https:\/\/verifyfaces.com\/es\/2025\/09\/26\/\">26 de septiembre de 2025<\/a><\/div><\/div><\/div><\/div><h3 class=\"post-title\"><a href=\"https:\/\/verifyfaces.com\/es\/verifyfaces-selects-actuate-as-their-ai-partner-to-deliver-facial-matching-solution-that-reduces-false-alarms-and-enhances-detection-in-professional-video-monitoring\/\">Verifyfaces elige a Actuate como su socio de IA para ofrecer una soluci\u00f3n de reconocimiento facial que reduce las falsas alarmas y mejora la detecci\u00f3n en la monitorizaci\u00f3n de v\u00eddeo profesional.<\/a><\/h3><div class=\"post-content\">26 de septiembre de 2025, Hernando Beach, Florida \u2014 Verifyfaces, l\u00edder mundial en tecnolog\u00eda de verificaci\u00f3n facial en la que conf\u00edan profesionales de seguridad de todo el mundo, se complace en anunciar una asociaci\u00f3n estrat\u00e9gica con Actuate, una empresa de inteligencia artificial con sede en Nueva York que se especializa en soluciones de visi\u00f3n artificial para...<\/div><div class=\"post-labels\"><div class=\"post-categories\"><a class=\"post-category-item\" href=\"https:\/\/verifyfaces.com\/es\/category\/news\/\">Noticias<\/a><\/div><\/div>    <\/div>\n<\/div>\n<div class=\"standard-blog-item-wrapper post post-863 type-post status-publish format-standard has-post-thumbnail hentry category-news tag-press-release\">\n    <div class=\"blog-item\">\n        <div class=\"post-media-wrapper\"><a href=\"https:\/\/verifyfaces.com\/es\/verifyfaces-makes-history-as-the-first-to-integrate-biometric-matches-into-911-response\/\"><picture><source media=\"(max-width: 575px)\" sizes=\"(max-width: 575px) 575px\" srcset=\"https:\/\/verifyfaces.com\/wp-content\/uploads\/2025\/05\/AdobeStock_594064495-575x274.jpg 575w\"><source media=\"(max-width: 991px)\" sizes=\"(max-width: 991px) 991px\" srcset=\"https:\/\/verifyfaces.com\/wp-content\/uploads\/2025\/05\/AdobeStock_594064495-991x472.jpg 991w\"><img decoding=\"async\" alt=\"AdobeStock_594064495\" title=\"AdobeStock_594064495\" src=\"https:\/\/verifyfaces.com\/wp-content\/uploads\/2025\/05\/AdobeStock_594064495-1340x638.jpg\" class=\"attachment-post-thumbnail size-post-thumbnail wp-post-image\" \/><\/picture><\/a><\/div><div class=\"post-meta-header\"><div class=\"post-meta-items-wrapper\"><div class=\"post-meta-items\"><div class=\"post-meta-item post-meta-item-date\"><a href=\"https:\/\/verifyfaces.com\/es\/2025\/05\/29\/\">29 de mayo de 2025<\/a><\/div><\/div><\/div><\/div><h3 class=\"post-title\"><a href=\"https:\/\/verifyfaces.com\/es\/verifyfaces-makes-history-as-the-first-to-integrate-biometric-matches-into-911-response\/\">\u00a1Verifyfaces hace historia como el primero en integrar coincidencias biom\u00e9tricas en la respuesta al 911!<\/a><\/h3><div class=\"post-content\">Hernando Beach, FL \u2013 29 de mayo de 2025 \u2013 En un logro sin precedentes para la seguridad p\u00fablica, Verifyfaces anuncia con orgullo su innovadora colaboraci\u00f3n con los servicios de emergencia, lo que la convierte en la \u00fanica empresa a nivel mundial cuyos servicios de emergencia aceptan una coincidencia biom\u00e9trica de un reconocimiento facial avanzado...<\/div><div class=\"post-labels\"><div class=\"post-categories\"><a class=\"post-category-item\" href=\"https:\/\/verifyfaces.com\/es\/category\/news\/\">Noticias<\/a><\/div><\/div>    <\/div>\n<\/div>            <\/div>\n\n                    <\/div>\n        \t\t\t\t<\/div>\n\t\t\t\t<\/div>\n\t\t\t\t\t<\/div>\n\t\t<\/div>\n\t\t\t\t\t<\/div>\n\t\t<\/section>\n\t\t\t\t<\/div>","protected":false},"excerpt":{"rendered":"","protected":false},"author":1,"featured_media":0,"parent":0,"menu_order":0,"comment_status":"closed","ping_status":"closed","template":"","meta":{"footnotes":""},"class_list":["post-533","page","type-page","status-publish","hentry"],"yoast_head":"<!-- This site is optimized with the Yoast SEO plugin v27.3 - https:\/\/yoast.com\/product\/yoast-seo-wordpress\/ -->\n<title>News - Verifyfaces<\/title>\n<meta name=\"robots\" content=\"index, follow, max-snippet:-1, max-image-preview:large, max-video-preview:-1\" \/>\n<link rel=\"canonical\" href=\"https:\/\/verifyfaces.com\/es\/news\/\" \/>\n<meta property=\"og:locale\" content=\"es_MX\" \/>\n<meta property=\"og:type\" content=\"article\" \/>\n<meta property=\"og:title\" content=\"News - Verifyfaces\" \/>\n<meta property=\"og:url\" content=\"https:\/\/verifyfaces.com\/es\/news\/\" \/>\n<meta property=\"og:site_name\" content=\"Verifyfaces\" \/>\n<meta property=\"article:modified_time\" content=\"2025-05-29T13:38:17+00:00\" \/>\n<meta name=\"twitter:card\" content=\"summary_large_image\" \/>\n<meta name=\"twitter:label1\" content=\"Tiempo de lectura\" \/>\n\t<meta name=\"twitter:data1\" content=\"1 minuto\" \/>\n<script type=\"application\/ld+json\" class=\"yoast-schema-graph\">{\"@context\":\"https:\\\/\\\/schema.org\",\"@graph\":[{\"@type\":\"WebPage\",\"@id\":\"https:\\\/\\\/verifyfaces.com\\\/news\\\/\",\"url\":\"https:\\\/\\\/verifyfaces.com\\\/news\\\/\",\"name\":\"News - Verifyfaces\",\"isPartOf\":{\"@id\":\"https:\\\/\\\/verifyfaces.com\\\/#website\"},\"datePublished\":\"2024-01-17T19:20:09+00:00\",\"dateModified\":\"2025-05-29T13:38:17+00:00\",\"breadcrumb\":{\"@id\":\"https:\\\/\\\/verifyfaces.com\\\/news\\\/#breadcrumb\"},\"inLanguage\":\"es\",\"potentialAction\":[{\"@type\":\"ReadAction\",\"target\":[\"https:\\\/\\\/verifyfaces.com\\\/news\\\/\"]}]},{\"@type\":\"BreadcrumbList\",\"@id\":\"https:\\\/\\\/verifyfaces.com\\\/news\\\/#breadcrumb\",\"itemListElement\":[{\"@type\":\"ListItem\",\"position\":1,\"name\":\"Home\",\"item\":\"https:\\\/\\\/verifyfaces.com\\\/\"},{\"@type\":\"ListItem\",\"position\":2,\"name\":\"News\"}]},{\"@type\":\"WebSite\",\"@id\":\"https:\\\/\\\/verifyfaces.com\\\/#website\",\"url\":\"https:\\\/\\\/verifyfaces.com\\\/\",\"name\":\"Verifyfaces\",\"description\":\"The Simplest and Most Intuitive Facial Verification System Available\",\"publisher\":{\"@id\":\"https:\\\/\\\/verifyfaces.com\\\/#organization\"},\"potentialAction\":[{\"@type\":\"SearchAction\",\"target\":{\"@type\":\"EntryPoint\",\"urlTemplate\":\"https:\\\/\\\/verifyfaces.com\\\/?s={search_term_string}\"},\"query-input\":{\"@type\":\"PropertyValueSpecification\",\"valueRequired\":true,\"valueName\":\"search_term_string\"}}],\"inLanguage\":\"es\"},{\"@type\":\"Organization\",\"@id\":\"https:\\\/\\\/verifyfaces.com\\\/#organization\",\"name\":\"Verifyfaces\",\"url\":\"https:\\\/\\\/verifyfaces.com\\\/\",\"logo\":{\"@type\":\"ImageObject\",\"inLanguage\":\"es\",\"@id\":\"https:\\\/\\\/verifyfaces.com\\\/#\\\/schema\\\/logo\\\/image\\\/\",\"url\":\"https:\\\/\\\/verifyfaces.com\\\/wp-content\\\/uploads\\\/2025\\\/04\\\/vfblack600.svg\",\"contentUrl\":\"https:\\\/\\\/verifyfaces.com\\\/wp-content\\\/uploads\\\/2025\\\/04\\\/vfblack600.svg\",\"width\":613,\"height\":144,\"caption\":\"Verifyfaces\"},\"image\":{\"@id\":\"https:\\\/\\\/verifyfaces.com\\\/#\\\/schema\\\/logo\\\/image\\\/\"}}]}<\/script>\n<!-- \/ Yoast SEO plugin. -->","yoast_head_json":{"title":"Noticias - Verifyfaces","robots":{"index":"index","follow":"follow","max-snippet":"max-snippet:-1","max-image-preview":"max-image-preview:large","max-video-preview":"max-video-preview:-1"},"canonical":"https:\/\/verifyfaces.com\/es\/news\/","og_locale":"es_MX","og_type":"article","og_title":"News - Verifyfaces","og_url":"https:\/\/verifyfaces.com\/es\/news\/","og_site_name":"Verifyfaces","article_modified_time":"2025-05-29T13:38:17+00:00","twitter_card":"summary_large_image","twitter_misc":{"Tiempo de lectura":"1 minuto"},"schema":{"@context":"https:\/\/schema.org","@graph":[{"@type":"WebPage","@id":"https:\/\/verifyfaces.com\/news\/","url":"https:\/\/verifyfaces.com\/news\/","name":"Noticias - Verifyfaces","isPartOf":{"@id":"https:\/\/verifyfaces.com\/#website"},"datePublished":"2024-01-17T19:20:09+00:00","dateModified":"2025-05-29T13:38:17+00:00","breadcrumb":{"@id":"https:\/\/verifyfaces.com\/news\/#breadcrumb"},"inLanguage":"es","potentialAction":[{"@type":"ReadAction","target":["https:\/\/verifyfaces.com\/news\/"]}]},{"@type":"BreadcrumbList","@id":"https:\/\/verifyfaces.com\/news\/#breadcrumb","itemListElement":[{"@type":"ListItem","position":1,"name":"Home","item":"https:\/\/verifyfaces.com\/"},{"@type":"ListItem","position":2,"name":"News"}]},{"@type":"WebSite","@id":"https:\/\/verifyfaces.com\/#website","url":"https:\/\/verifyfaces.com\/","name":"Verificar caras","description":"El sistema de verificaci\u00f3n facial m\u00e1s sencillo e intuitivo disponible","publisher":{"@id":"https:\/\/verifyfaces.com\/#organization"},"potentialAction":[{"@type":"SearchAction","target":{"@type":"EntryPoint","urlTemplate":"https:\/\/verifyfaces.com\/?s={search_term_string}"},"query-input":{"@type":"PropertyValueSpecification","valueRequired":true,"valueName":"search_term_string"}}],"inLanguage":"es"},{"@type":"Organization","@id":"https:\/\/verifyfaces.com\/#organization","name":"Verificar caras","url":"https:\/\/verifyfaces.com\/","logo":{"@type":"ImageObject","inLanguage":"es","@id":"https:\/\/verifyfaces.com\/#\/schema\/logo\/image\/","url":"https:\/\/verifyfaces.com\/wp-content\/uploads\/2025\/04\/vfblack600.svg","contentUrl":"https:\/\/verifyfaces.com\/wp-content\/uploads\/2025\/04\/vfblack600.svg","width":613,"height":144,"caption":"Verifyfaces"},"image":{"@id":"https:\/\/verifyfaces.com\/#\/schema\/logo\/image\/"}}]}},"_links":{"self":[{"href":"https:\/\/verifyfaces.com\/es\/wp-json\/wp\/v2\/pages\/533","targetHints":{"allow":["GET"]}}],"collection":[{"href":"https:\/\/verifyfaces.com\/es\/wp-json\/wp\/v2\/pages"}],"about":[{"href":"https:\/\/verifyfaces.com\/es\/wp-json\/wp\/v2\/types\/page"}],"author":[{"embeddable":true,"href":"https:\/\/verifyfaces.com\/es\/wp-json\/wp\/v2\/users\/1"}],"replies":[{"embeddable":true,"href":"https:\/\/verifyfaces.com\/es\/wp-json\/wp\/v2\/comments?post=533"}],"version-history":[{"count":4,"href":"https:\/\/verifyfaces.com\/es\/wp-json\/wp\/v2\/pages\/533\/revisions"}],"predecessor-version":[{"id":23967,"href":"https:\/\/verifyfaces.com\/es\/wp-json\/wp\/v2\/pages\/533\/revisions\/23967"}],"wp:attachment":[{"href":"https:\/\/verifyfaces.com\/es\/wp-json\/wp\/v2\/media?parent=533"}],"curies":[{"name":"wp","href":"https:\/\/api.w.org\/{rel}","templated":true}]}}