{"id":533,"date":"2024-01-17T21:20:09","date_gmt":"2024-01-17T19:20:09","guid":{"rendered":"https:\/\/demo.artureanec.com\/themes\/neuros-dark\/?page_id=533"},"modified":"2025-05-29T13:38:17","modified_gmt":"2025-05-29T13:38:17","slug":"news","status":"publish","type":"page","link":"https:\/\/verifyfaces.com\/fr\/news\/","title":{"rendered":"Actualit\u00e9s"},"content":{"rendered":"<div data-elementor-type=\"wp-page\" data-elementor-id=\"533\" class=\"elementor elementor-533\" data-elementor-post-type=\"page\">\n\t\t\t\t\t\t<section class=\"elementor-section elementor-top-section elementor-element elementor-element-5d02c5f elementor-section-boxed elementor-section-height-default elementor-section-height-default\" data-id=\"5d02c5f\" data-element_type=\"section\" data-e-type=\"section\">\n\t\t\t\t\t\t<div class=\"elementor-container elementor-column-gap-default\">\n\t\t\t\t\t<div class=\"elementor-column elementor-col-100 elementor-top-column elementor-element elementor-element-20157d0\" data-id=\"20157d0\" data-element_type=\"column\" data-e-type=\"column\">\n\t\t\t<div class=\"elementor-widget-wrap elementor-element-populated\">\n\t\t\t\t\t\t<div class=\"elementor-element elementor-element-40538fd listing-pagination-border-style-gradient listing-pagination-background-style-solid elementor-widget elementor-widget-neuros_blog_listing\" data-id=\"40538fd\" data-element_type=\"widget\" data-e-type=\"widget\" data-widget_type=\"neuros_blog_listing.default\">\n\t\t\t\t<div class=\"elementor-widget-container\">\n\t\t\t\t\t\n        <div class=\"archive-listing\" data-ajax='{&quot;post_type&quot;:&quot;post&quot;,&quot;post_status&quot;:&quot;publish&quot;,&quot;posts_per_page&quot;:4,&quot;offset&quot;:false,&quot;orderby&quot;:&quot;date&quot;,&quot;order&quot;:&quot;desc&quot;,&quot;paged&quot;:1,&quot;category_name&quot;:&quot;&quot;,&quot;tag&quot;:&quot;&quot;,&quot;post__in&quot;:&quot;&quot;,&quot;ignore_sticky_posts&quot;:false,&quot;link_base&quot;:&quot;https:\\\/\\\/verifyfaces.com\\\/fr\\\/wp-json\\\/wp\\\/v2\\\/pages\\\/533&quot;}' data-widget='{&quot;listing_type&quot;:&quot;classic&quot;,&quot;excerpt_length&quot;:312,&quot;show_cat&quot;:&quot;yes&quot;,&quot;show_media&quot;:&quot;yes&quot;,&quot;show_author&quot;:&quot;&quot;,&quot;show_date&quot;:&quot;yes&quot;,&quot;show_title&quot;:&quot;yes&quot;,&quot;show_tags&quot;:&quot;no&quot;,&quot;show_excerpt&quot;:&quot;yes&quot;,&quot;show_read_more&quot;:&quot;&quot;,&quot;read_more_text&quot;:&quot;Read More&quot;,&quot;columns_number&quot;:1,&quot;show_pagination&quot;:&quot;yes&quot;,&quot;item_class&quot;:&quot;post standard-blog-item-wrapper&quot;}'>\n            <div class=\"archive-listing-wrapper classic-listing\">\n                \n<div class=\"standard-blog-item-wrapper post post-23989 type-post status-publish format-standard has-post-thumbnail hentry category-news tag-press-release\">\n    <div class=\"blog-item\">\n        <div class=\"post-media-wrapper\"><a href=\"https:\/\/verifyfaces.com\/fr\/verifyfaces-selects-actuate-as-their-ai-partner-to-deliver-facial-matching-solution-that-reduces-false-alarms-and-enhances-detection-in-professional-video-monitoring\/\"><picture><source media=\"(max-width: 575px)\" sizes=\"(max-width: 575px) 575px\" srcset=\"https:\/\/verifyfaces.com\/wp-content\/uploads\/2025\/05\/actuate-575x274.jpg 575w\"><source media=\"(max-width: 991px)\" sizes=\"(max-width: 991px) 991px\" srcset=\"https:\/\/verifyfaces.com\/wp-content\/uploads\/2025\/05\/actuate-991x472.jpg 991w\"><img decoding=\"async\" alt=\"actuate\" title=\"actionner\" src=\"https:\/\/verifyfaces.com\/wp-content\/uploads\/2025\/05\/actuate-1340x638.jpg\" class=\"attachment-post-thumbnail size-post-thumbnail wp-post-image\" \/><\/picture><\/a><\/div><div class=\"post-meta-header\"><div class=\"post-meta-items-wrapper\"><div class=\"post-meta-items\"><div class=\"post-meta-item post-meta-item-date\"><a href=\"https:\/\/verifyfaces.com\/fr\/2025\/09\/26\/\">26 septembre 2025<\/a><\/div><\/div><\/div><\/div><h3 class=\"post-title\"><a href=\"https:\/\/verifyfaces.com\/fr\/verifyfaces-selects-actuate-as-their-ai-partner-to-deliver-facial-matching-solution-that-reduces-false-alarms-and-enhances-detection-in-professional-video-monitoring\/\">Verifyfaces choisit Actuate comme partenaire IA pour fournir une solution de correspondance faciale qui r\u00e9duit les fausses alarmes et am\u00e9liore la d\u00e9tection dans la surveillance vid\u00e9o professionnelle.<\/a><\/h3><div class=\"post-content\">26 septembre 2025, Hernando Beach, Floride \u2014 Verifyfaces, un leader mondial de la technologie de v\u00e9rification faciale \u00e0 laquelle font confiance les professionnels de la s\u00e9curit\u00e9 du monde entier, est heureux d&#039;annoncer un partenariat strat\u00e9gique avec Actuate, une soci\u00e9t\u00e9 d&#039;IA bas\u00e9e \u00e0 New York sp\u00e9cialis\u00e9e dans les solutions de vision par ordinateur pour les op\u00e9rations \u00e0 distance...<\/div><div class=\"post-labels\"><div class=\"post-categories\"><a class=\"post-category-item\" href=\"https:\/\/verifyfaces.com\/fr\/category\/news\/\">Actualit\u00e9s<\/a><\/div><\/div>    <\/div>\n<\/div>\n<div class=\"standard-blog-item-wrapper post post-863 type-post status-publish format-standard has-post-thumbnail hentry category-news tag-press-release\">\n    <div class=\"blog-item\">\n        <div class=\"post-media-wrapper\"><a href=\"https:\/\/verifyfaces.com\/fr\/verifyfaces-makes-history-as-the-first-to-integrate-biometric-matches-into-911-response\/\"><picture><source media=\"(max-width: 575px)\" sizes=\"(max-width: 575px) 575px\" srcset=\"https:\/\/verifyfaces.com\/wp-content\/uploads\/2025\/05\/AdobeStock_594064495-575x274.jpg 575w\"><source media=\"(max-width: 991px)\" sizes=\"(max-width: 991px) 991px\" srcset=\"https:\/\/verifyfaces.com\/wp-content\/uploads\/2025\/05\/AdobeStock_594064495-991x472.jpg 991w\"><img decoding=\"async\" alt=\"AdobeStock_594064495\" title=\"AdobeStock_594064495\" src=\"https:\/\/verifyfaces.com\/wp-content\/uploads\/2025\/05\/AdobeStock_594064495-1340x638.jpg\" class=\"attachment-post-thumbnail size-post-thumbnail wp-post-image\" \/><\/picture><\/a><\/div><div class=\"post-meta-header\"><div class=\"post-meta-items-wrapper\"><div class=\"post-meta-items\"><div class=\"post-meta-item post-meta-item-date\"><a href=\"https:\/\/verifyfaces.com\/fr\/2025\/05\/29\/\">29 mai 2025<\/a><\/div><\/div><\/div><\/div><h3 class=\"post-title\"><a href=\"https:\/\/verifyfaces.com\/fr\/verifyfaces-makes-history-as-the-first-to-integrate-biometric-matches-into-911-response\/\">Verifyfaces entre dans l&#039;histoire en tant que premier \u00e0 int\u00e9grer les correspondances biom\u00e9triques dans la r\u00e9ponse au 911\u00a0!<\/a><\/h3><div class=\"post-content\">Hernando Beach, FL \u2013 29 mai 2025 \u2013 Dans une r\u00e9alisation sans pr\u00e9c\u00e9dent pour la s\u00e9curit\u00e9 publique, Verifyfaces annonce fi\u00e8rement sa collaboration r\u00e9volutionnaire avec les services d&#039;urgence, ce qui en fait la seule entreprise au monde \u00e0 faire en sorte que les services d&#039;urgence acceptent une correspondance biom\u00e9trique \u00e0 partir d&#039;un syst\u00e8me de reconnaissance faciale avanc\u00e9...<\/div><div class=\"post-labels\"><div class=\"post-categories\"><a class=\"post-category-item\" href=\"https:\/\/verifyfaces.com\/fr\/category\/news\/\">Actualit\u00e9s<\/a><\/div><\/div>    <\/div>\n<\/div>            <\/div>\n\n                    <\/div>\n        \t\t\t\t<\/div>\n\t\t\t\t<\/div>\n\t\t\t\t\t<\/div>\n\t\t<\/div>\n\t\t\t\t\t<\/div>\n\t\t<\/section>\n\t\t\t\t<\/div>","protected":false},"excerpt":{"rendered":"","protected":false},"author":1,"featured_media":0,"parent":0,"menu_order":0,"comment_status":"closed","ping_status":"closed","template":"","meta":{"footnotes":""},"class_list":["post-533","page","type-page","status-publish","hentry"],"yoast_head":"<!-- This site is optimized with the Yoast SEO plugin v27.3 - https:\/\/yoast.com\/product\/yoast-seo-wordpress\/ -->\n<title>News - Verifyfaces<\/title>\n<meta name=\"robots\" content=\"index, follow, max-snippet:-1, max-image-preview:large, max-video-preview:-1\" \/>\n<link rel=\"canonical\" href=\"https:\/\/verifyfaces.com\/fr\/news\/\" \/>\n<meta property=\"og:locale\" content=\"fr_CA\" \/>\n<meta property=\"og:type\" content=\"article\" \/>\n<meta property=\"og:title\" content=\"News - Verifyfaces\" \/>\n<meta property=\"og:url\" content=\"https:\/\/verifyfaces.com\/fr\/news\/\" \/>\n<meta property=\"og:site_name\" content=\"Verifyfaces\" \/>\n<meta property=\"article:modified_time\" content=\"2025-05-29T13:38:17+00:00\" \/>\n<meta name=\"twitter:card\" content=\"summary_large_image\" \/>\n<meta name=\"twitter:label1\" content=\"Estimation du temps de lecture\" \/>\n\t<meta name=\"twitter:data1\" content=\"1 minute\" \/>\n<script type=\"application\/ld+json\" class=\"yoast-schema-graph\">{\"@context\":\"https:\\\/\\\/schema.org\",\"@graph\":[{\"@type\":\"WebPage\",\"@id\":\"https:\\\/\\\/verifyfaces.com\\\/news\\\/\",\"url\":\"https:\\\/\\\/verifyfaces.com\\\/news\\\/\",\"name\":\"News - Verifyfaces\",\"isPartOf\":{\"@id\":\"https:\\\/\\\/verifyfaces.com\\\/#website\"},\"datePublished\":\"2024-01-17T19:20:09+00:00\",\"dateModified\":\"2025-05-29T13:38:17+00:00\",\"breadcrumb\":{\"@id\":\"https:\\\/\\\/verifyfaces.com\\\/news\\\/#breadcrumb\"},\"inLanguage\":\"fr-CA\",\"potentialAction\":[{\"@type\":\"ReadAction\",\"target\":[\"https:\\\/\\\/verifyfaces.com\\\/news\\\/\"]}]},{\"@type\":\"BreadcrumbList\",\"@id\":\"https:\\\/\\\/verifyfaces.com\\\/news\\\/#breadcrumb\",\"itemListElement\":[{\"@type\":\"ListItem\",\"position\":1,\"name\":\"Home\",\"item\":\"https:\\\/\\\/verifyfaces.com\\\/\"},{\"@type\":\"ListItem\",\"position\":2,\"name\":\"News\"}]},{\"@type\":\"WebSite\",\"@id\":\"https:\\\/\\\/verifyfaces.com\\\/#website\",\"url\":\"https:\\\/\\\/verifyfaces.com\\\/\",\"name\":\"Verifyfaces\",\"description\":\"The Simplest and Most Intuitive Facial Verification System Available\",\"publisher\":{\"@id\":\"https:\\\/\\\/verifyfaces.com\\\/#organization\"},\"potentialAction\":[{\"@type\":\"SearchAction\",\"target\":{\"@type\":\"EntryPoint\",\"urlTemplate\":\"https:\\\/\\\/verifyfaces.com\\\/?s={search_term_string}\"},\"query-input\":{\"@type\":\"PropertyValueSpecification\",\"valueRequired\":true,\"valueName\":\"search_term_string\"}}],\"inLanguage\":\"fr-CA\"},{\"@type\":\"Organization\",\"@id\":\"https:\\\/\\\/verifyfaces.com\\\/#organization\",\"name\":\"Verifyfaces\",\"url\":\"https:\\\/\\\/verifyfaces.com\\\/\",\"logo\":{\"@type\":\"ImageObject\",\"inLanguage\":\"fr-CA\",\"@id\":\"https:\\\/\\\/verifyfaces.com\\\/#\\\/schema\\\/logo\\\/image\\\/\",\"url\":\"https:\\\/\\\/verifyfaces.com\\\/wp-content\\\/uploads\\\/2025\\\/04\\\/vfblack600.svg\",\"contentUrl\":\"https:\\\/\\\/verifyfaces.com\\\/wp-content\\\/uploads\\\/2025\\\/04\\\/vfblack600.svg\",\"width\":613,\"height\":144,\"caption\":\"Verifyfaces\"},\"image\":{\"@id\":\"https:\\\/\\\/verifyfaces.com\\\/#\\\/schema\\\/logo\\\/image\\\/\"}}]}<\/script>\n<!-- \/ Yoast SEO plugin. -->","yoast_head_json":{"title":"Actualit\u00e9s - V\u00e9rification des visages","robots":{"index":"index","follow":"follow","max-snippet":"max-snippet:-1","max-image-preview":"max-image-preview:large","max-video-preview":"max-video-preview:-1"},"canonical":"https:\/\/verifyfaces.com\/fr\/news\/","og_locale":"fr_CA","og_type":"article","og_title":"News - Verifyfaces","og_url":"https:\/\/verifyfaces.com\/fr\/news\/","og_site_name":"Verifyfaces","article_modified_time":"2025-05-29T13:38:17+00:00","twitter_card":"summary_large_image","twitter_misc":{"Estimation du temps de lecture":"1 minute"},"schema":{"@context":"https:\/\/schema.org","@graph":[{"@type":"WebPage","@id":"https:\/\/verifyfaces.com\/news\/","url":"https:\/\/verifyfaces.com\/news\/","name":"Actualit\u00e9s - V\u00e9rification des visages","isPartOf":{"@id":"https:\/\/verifyfaces.com\/#website"},"datePublished":"2024-01-17T19:20:09+00:00","dateModified":"2025-05-29T13:38:17+00:00","breadcrumb":{"@id":"https:\/\/verifyfaces.com\/news\/#breadcrumb"},"inLanguage":"fr-CA","potentialAction":[{"@type":"ReadAction","target":["https:\/\/verifyfaces.com\/news\/"]}]},{"@type":"BreadcrumbList","@id":"https:\/\/verifyfaces.com\/news\/#breadcrumb","itemListElement":[{"@type":"ListItem","position":1,"name":"Home","item":"https:\/\/verifyfaces.com\/"},{"@type":"ListItem","position":2,"name":"News"}]},{"@type":"WebSite","@id":"https:\/\/verifyfaces.com\/#website","url":"https:\/\/verifyfaces.com\/","name":"Verifyfaces","description":"Le syst\u00e8me de v\u00e9rification faciale le plus simple et le plus intuitif disponible","publisher":{"@id":"https:\/\/verifyfaces.com\/#organization"},"potentialAction":[{"@type":"SearchAction","target":{"@type":"EntryPoint","urlTemplate":"https:\/\/verifyfaces.com\/?s={search_term_string}"},"query-input":{"@type":"PropertyValueSpecification","valueRequired":true,"valueName":"search_term_string"}}],"inLanguage":"fr-CA"},{"@type":"Organization","@id":"https:\/\/verifyfaces.com\/#organization","name":"Verifyfaces","url":"https:\/\/verifyfaces.com\/","logo":{"@type":"ImageObject","inLanguage":"fr-CA","@id":"https:\/\/verifyfaces.com\/#\/schema\/logo\/image\/","url":"https:\/\/verifyfaces.com\/wp-content\/uploads\/2025\/04\/vfblack600.svg","contentUrl":"https:\/\/verifyfaces.com\/wp-content\/uploads\/2025\/04\/vfblack600.svg","width":613,"height":144,"caption":"Verifyfaces"},"image":{"@id":"https:\/\/verifyfaces.com\/#\/schema\/logo\/image\/"}}]}},"_links":{"self":[{"href":"https:\/\/verifyfaces.com\/fr\/wp-json\/wp\/v2\/pages\/533","targetHints":{"allow":["GET"]}}],"collection":[{"href":"https:\/\/verifyfaces.com\/fr\/wp-json\/wp\/v2\/pages"}],"about":[{"href":"https:\/\/verifyfaces.com\/fr\/wp-json\/wp\/v2\/types\/page"}],"author":[{"embeddable":true,"href":"https:\/\/verifyfaces.com\/fr\/wp-json\/wp\/v2\/users\/1"}],"replies":[{"embeddable":true,"href":"https:\/\/verifyfaces.com\/fr\/wp-json\/wp\/v2\/comments?post=533"}],"version-history":[{"count":4,"href":"https:\/\/verifyfaces.com\/fr\/wp-json\/wp\/v2\/pages\/533\/revisions"}],"predecessor-version":[{"id":23967,"href":"https:\/\/verifyfaces.com\/fr\/wp-json\/wp\/v2\/pages\/533\/revisions\/23967"}],"wp:attachment":[{"href":"https:\/\/verifyfaces.com\/fr\/wp-json\/wp\/v2\/media?parent=533"}],"curies":[{"name":"wp","href":"https:\/\/api.w.org\/{rel}","templated":true}]}}